{"id":14,"date":"2025-09-17T11:44:21","date_gmt":"2025-09-17T11:44:21","guid":{"rendered":"https:\/\/dodgerblue-ant-840318.hostingersite.com\/faq\/"},"modified":"2025-11-19T14:14:44","modified_gmt":"2025-11-19T14:14:44","slug":"faq","status":"publish","type":"page","link":"https:\/\/avanechomes.com\/es\/faq\/","title":{"rendered":"FAQ"},"content":{"rendered":"<div class=\"wp-block-uagb-container uagb-block-7644e7bd alignfull uagb-is-root-container\"><div class=\"uagb-container-inner-blocks-wrap\">\n<div class=\"wp-block-uagb-advanced-heading uagb-block-91a347dc\"><h2 class=\"uagb-heading-text\">FAQ<\/h2><div class=\"uagb-separator\"><\/div><\/div>\n<\/div><\/div>\n\n\n\n<div class=\"wp-block-uagb-container uagb-block-e216c6a7 alignfull uagb-is-root-container\"><div class=\"uagb-container-inner-blocks-wrap\">\n<div class=\"wp-block-uagb-info-box uagb-block-a41ae806 uagb-infobox__content-wrap  uagb-infobox-icon-above-title uagb-infobox-image-valign-top wp-block-uagb-info-box--has-margin\"><div class=\"uagb-infobox-margin-wrapper\"><div class=\"uagb-ifb-content\"><div class=\"uagb-ifb-title-wrap\"><h6 class=\"uagb-ifb-title-prefix\">FAQ<\/h6><h2 class=\"uagb-ifb-title\">Usein kysytyt kysymykset<\/h2><\/div><div class=\"uagb-ifb-separator\"><\/div><\/div><\/div><\/div>\n\n\n\n<div class=\"wp-block-uagb-container uagb-block-d2d9b30e alignfull uagb-is-root-container\"><div class=\"uagb-container-inner-blocks-wrap\">\n<div class=\"wp-block-uagb-container uagb-block-41f7cccb\">\n<div class=\"wp-block-uagb-advanced-heading uagb-block-c1cd2d0f\"><h5 class=\"uagb-heading-text\">Olenko valmis ostamaan oman kodin costa blancalta?<\/h5><p class=\"uagb-desc-text\">Kodinomistajaksi ryhtyminen on iso p\u00e4\u00e4t\u00f6s. Kannattaa pohtia omaa taloudellista tilannetta, pysyvyytt\u00e4 paikkakunnalla ja sit\u00e4, haluatko sijoittaa pitk\u00e4aikaisesti omaan kotiin vai pysy\u00e4 joustavammassa vuokra-asumisessa.<\/p><\/div>\n\n\n\n<div class=\"wp-block-uagb-advanced-heading uagb-block-a83f46a5\"><h5 class=\"uagb-heading-text\">Kannattaako vuokrata vai ostaa?<\/h5><p class=\"uagb-desc-text\">Molemmissa vaihtoehdoissa on etunsa. Vuokra-asuminen tuo joustavuutta, kun taas omistusasuminen kerrytt\u00e4\u00e4 varallisuutta pitk\u00e4ll\u00e4 aikav\u00e4lill\u00e4. P\u00e4\u00e4t\u00f6s riippuu el\u00e4m\u00e4ntilanteesta ja tavoitteistasi.<\/p><\/div>\n\n\n\n<div class=\"wp-block-uagb-advanced-heading uagb-block-edfa28fb\"><h5 class=\"uagb-heading-text\">Mit\u00e4 minun tulisi huomioida asuntoa etsiess\u00e4?<\/h5><p class=\"uagb-desc-text\">T\u00e4rkeimpi\u00e4 asioita ovat sijainti, budjetti, asumisen tarpeet ja tulevaisuuden suunnitelmat. Ymp\u00e4rist\u00f6n palvelut.<\/p><\/div>\n\n\n\n<div class=\"wp-block-uagb-advanced-heading uagb-block-0568cc09\"><h5 class=\"uagb-heading-text\">Mit\u00e4 tapahtuu kaupantekotilaisuudessa?<\/h5><p class=\"uagb-desc-text\">Notaarilla allekirjoitetaan kauppakirja, joko teid\u00e4n tai valtuuttamanne puolesta, tarkistetaan asiakirjat ja varmistetaan maksujen siirtyminen. T\u00e4m\u00e4n j\u00e4lkeen asunto siirtyy virallisesti uudelle omistajalle.<\/p><\/div>\n\n\n\n<div class=\"wp-block-uagb-advanced-heading uagb-block-46a621d2\"><h5 class=\"uagb-heading-text\">Kotivakuutus<\/h5><p class=\"uagb-desc-text\">Usein asianhoitotoimisto ottaa kotivakuutuksen voimaan jo kaupantekohtkest\u00e4 l\u00e4htien. Se turvaa sek\u00e4 omaisuutta ett\u00e4 mahdollisia vahinkotilanteita.<\/p><\/div>\n<\/div>\n\n\n\n<div class=\"wp-block-uagb-container uagb-block-9d964a98\">\n<div class=\"wp-block-uagb-advanced-heading uagb-block-650ca18b\"><h5 class=\"uagb-heading-text\">Mit\u00e4 minun pit\u00e4isi tarjota?<\/h5><p class=\"uagb-desc-text\">Kun l\u00f6yd\u00e4t sopivan asunnon, autamme sinua tekem\u00e4\u00e4n kilpailukykyisen tarjouksen. Huomioimme markkinatilanteen, myyj\u00e4n odotukset ja mahdolliset neuvottelumahdollisuudet. Vuonna 2025 markkinatilanne on ollut todella nopea ja useimmiten asunnot on myyty pyyntihinnalla.<\/p><\/div>\n\n\n\n<div class=\"wp-block-uagb-advanced-heading uagb-block-8aef1cc5\"><h5 class=\"uagb-heading-text\">Rahoitus<\/h5><p class=\"uagb-desc-text\">Useat espanjalaiset pankit my\u00f6nt\u00e4v\u00e4t lainaa my\u00f6s ulkomaalaisille. Mik\u00e4li olt rahoituksen tarpessa ja haluat ottaa sen soanjalaisesta pankista, voimme auttaa ottamaan ensikontaktin pankkiin. Espanjalainen asunto ei k\u00e4y vakuutena esimerkiksi Suomessa, jos otat lainan Suomesta, sinun t\u00e4ytyy k\u00e4ytt\u00e4\u00e4 siell\u00e4 olevia vakuuksia.<\/p><\/div>\n\n\n\n<div class=\"wp-block-uagb-advanced-heading uagb-block-62ba4345\"><h5 class=\"uagb-heading-text\">Voiko asuntoa vuokrata<\/h5><p class=\"uagb-desc-text\"><strong>Lyhytaikainen vuokraus \/ lomavuokraus<\/strong> (esim. Airbnb, Booking.com): vaatii usein <strong>rekister\u00f6innin ja luvan alueelliselta viranomaiselta<\/strong>. Costa Blancalla esimerkiksi Valencian aluehallinto my\u00f6nt\u00e4\u00e4 turistivuokrausluvat, ja asunnolle annetaan rekisterinumero.<\/p><\/div>\n\n\n\n<div class=\"wp-block-uagb-advanced-heading uagb-block-65937572\"><h5 class=\"uagb-heading-text\">Voinko pyyt\u00e4\u00e4 neuvoja?<\/h5><p class=\"uagb-desc-text\">Ehdottomasti! Olemme t\u00e4\u00e4ll\u00e4 sinua varten kaikissa vaiheissa \u2013 ensimm\u00e4isest\u00e4 asunnon etsinn\u00e4st\u00e4 aina kaupantekoon ja sen j\u00e4lkeenkin. Ota rohkeasti yhteytt\u00e4.<\/p><\/div>\n<\/div>\n<\/div><\/div>\n<\/div><\/div>\n\n\n\n<div class=\"wp-block-uagb-container uagb-block-2233cea6 alignfull uagb-is-root-container\"><div class=\"uagb-container-inner-blocks-wrap\">\n<div class=\"wp-block-uagb-icon-list uagb-block-4f4ffc1f\"><div class=\"uagb-icon-list__wrap\">\n<div class=\"wp-block-uagb-icon-list-child uagb-block-4e84dbde\"><span class=\"uagb-icon-list__source-wrap\"><svg xmlns=\"https:\/\/www.w3.org\/2000\/svg\" viewbox=\"0 0 384 512\"><path d=\"M320 0H64C37.5 0 16 21.5 16 48v416C16 490.5 37.5 512 64 512h256c26.5 0 48-21.5 48-48v-416C368 21.5 346.5 0 320 0zM240 447.1C240 456.8 232.8 464 224 464H159.1C151.2 464 144 456.8 144 448S151.2 432 160 432h64C232.8 432 240 439.2 240 447.1zM304 384h-224V64h224V384z\"><\/path><\/svg><\/span><span class=\"uagb-icon-list__label\">+34  614 002 304 Avanec Homes CIF: 0Y6719545V sales.avanechomes@outlook.com<br>Sumarte Coworking, Calle Huerto Pomares 1 bajos, 30004 Murcia, Espa\u00f1a<\/span><\/div>\n<\/div><\/div>\n\n\n\n<div class=\"wp-block-uagb-info-box uagb-block-79017b13 uagb-infobox__content-wrap  uagb-infobox-icon-above-title uagb-infobox-image-valign-top wp-block-uagb-info-box--has-margin\"><div class=\"uagb-infobox-margin-wrapper\"><div class=\"uagb-ifb-content\"><div class=\"uagb-ifb-title-wrap\"><h2 class=\"uagb-ifb-title\">Let&#8217;s Find You Together The Place You Deserve<\/h2><\/div><div class=\"uagb-ifb-separator\"><\/div><p class=\"uagb-ifb-desc\">Avanec Homes auttaa asiakkaita asunnon etsinn\u00e4ss\u00e4 ja ostossa. Tavoitteenamme on tarjota sujuva, turvallinen ja l\u00e4pin\u00e4kyv\u00e4 prosessi alusta loppuun. R\u00e4\u00e4t\u00e4l\u00f6imme ratkaisun aina asiakkaan tarpeiden mukaan. Meid\u00e4t tapaa pelikent\u00e4ll\u00e4, miss\u00e4 ne asunnot ovat.<br><br><\/p><div class=\"uagb-ifb-button-wrapper wp-block-button\"><a href=\"#\" class=\"uagb-infobox-cta-link wp-block-button__link\" target=\"_self\" rel=\"noopener noreferrer\" onclick=\"return false;\"><span class=\"uagb-inline-editing\">Contact Us<\/span><\/a><\/div><\/div><\/div><\/div>\n<\/div><\/div>","protected":false},"excerpt":{"rendered":"<p>FAQ Olenko valmis ostamaan oman kodin costa blancalta? Kodinomistajaksi ryhtyminen on iso p\u00e4\u00e4t\u00f6s. Kannattaa pohtia omaa taloudellista tilannetta, pysyvyytt\u00e4 paikkakunnalla ja sit\u00e4, haluatko sijoittaa pitk\u00e4aikaisesti omaan kotiin vai pysy\u00e4 joustavammassa vuokra-asumisessa. Kannattaako vuokrata vai ostaa? Molemmissa vaihtoehdoissa on etunsa. Vuokra-asuminen tuo joustavuutta, kun taas omistusasuminen kerrytt\u00e4\u00e4 varallisuutta pitk\u00e4ll\u00e4 aikav\u00e4lill\u00e4. P\u00e4\u00e4t\u00f6s riippuu el\u00e4m\u00e4ntilanteesta ja tavoitteistasi. Mit\u00e4 [&hellip;]<\/p>\n","protected":false},"author":1,"featured_media":0,"parent":0,"menu_order":0,"comment_status":"closed","ping_status":"closed","template":"","meta":{"_uag_custom_page_level_css":"","site-sidebar-layout":"default","site-content-layout":"","ast-site-content-layout":"default","site-content-style":"default","site-sidebar-style":"default","ast-global-header-display":"","ast-banner-title-visibility":"","ast-main-header-display":"","ast-hfb-above-header-display":"","ast-hfb-below-header-display":"","ast-hfb-mobile-header-display":"","site-post-title":"disabled","ast-breadcrumbs-content":"","ast-featured-img":"","footer-sml-layout":"","theme-transparent-header-meta":"enabled","adv-header-id-meta":"","stick-header-meta":"","header-above-stick-meta":"","header-main-stick-meta":"","header-below-stick-meta":"","astra-migrate-meta-layouts":"set","ast-page-background-enabled":"default","ast-page-background-meta":{"desktop":{"background-color":"var(--ast-global-color-4)","background-image":"","background-repeat":"repeat","background-position":"center center","background-size":"auto","background-attachment":"scroll","background-type":"","background-media":"","overlay-type":"","overlay-color":"","overlay-opacity":"","overlay-gradient":""},"tablet":{"background-color":"","background-image":"","background-repeat":"repeat","background-position":"center center","background-size":"auto","background-attachment":"scroll","background-type":"","background-media":"","overlay-type":"","overlay-color":"","overlay-opacity":"","overlay-gradient":""},"mobile":{"background-color":"","background-image":"","background-repeat":"repeat","background-position":"center center","background-size":"auto","background-attachment":"scroll","background-type":"","background-media":"","overlay-type":"","overlay-color":"","overlay-opacity":"","overlay-gradient":""}},"ast-content-background-meta":{"desktop":{"background-color":"var(--ast-global-color-5)","background-image":"","background-repeat":"repeat","background-position":"center center","background-size":"auto","background-attachment":"scroll","background-type":"","background-media":"","overlay-type":"","overlay-color":"","overlay-opacity":"","overlay-gradient":""},"tablet":{"background-color":"var(--ast-global-color-5)","background-image":"","background-repeat":"repeat","background-position":"center center","background-size":"auto","background-attachment":"scroll","background-type":"","background-media":"","overlay-type":"","overlay-color":"","overlay-opacity":"","overlay-gradient":""},"mobile":{"background-color":"var(--ast-global-color-5)","background-image":"","background-repeat":"repeat","background-position":"center center","background-size":"auto","background-attachment":"scroll","background-type":"","background-media":"","overlay-type":"","overlay-color":"","overlay-opacity":"","overlay-gradient":""}},"footnotes":""},"class_list":["post-14","page","type-page","status-publish","hentry"],"aioseo_notices":[],"_hostinger_reach_plugin_has_subscription_block":false,"_hostinger_reach_plugin_is_elementor":false,"uagb_featured_image_src":{"full":false,"thumbnail":false,"medium":false,"medium_large":false,"large":false,"1536x1536":false,"2048x2048":false,"trp-custom-language-flag":false},"uagb_author_info":{"display_name":"teppo.alanko@hotmail.com","author_link":"https:\/\/avanechomes.com\/es\/property\/author\/teppo-alankohotmail-com\/"},"uagb_comment_info":0,"uagb_excerpt":"FAQ Olenko valmis ostamaan oman kodin costa blancalta? Kodinomistajaksi ryhtyminen on iso p\u00e4\u00e4t\u00f6s. Kannattaa pohtia omaa taloudellista tilannetta, pysyvyytt\u00e4 paikkakunnalla ja sit\u00e4, haluatko sijoittaa pitk\u00e4aikaisesti omaan kotiin vai pysy\u00e4 joustavammassa vuokra-asumisessa. Kannattaako vuokrata vai ostaa? Molemmissa vaihtoehdoissa on etunsa. Vuokra-asuminen tuo joustavuutta, kun taas omistusasuminen kerrytt\u00e4\u00e4 varallisuutta pitk\u00e4ll\u00e4 aikav\u00e4lill\u00e4. P\u00e4\u00e4t\u00f6s riippuu el\u00e4m\u00e4ntilanteesta ja tavoitteistasi. Mit\u00e4&hellip;","_links":{"self":[{"href":"https:\/\/avanechomes.com\/es\/wp-json\/wp\/v2\/pages\/14","targetHints":{"allow":["GET"]}}],"collection":[{"href":"https:\/\/avanechomes.com\/es\/wp-json\/wp\/v2\/pages"}],"about":[{"href":"https:\/\/avanechomes.com\/es\/wp-json\/wp\/v2\/types\/page"}],"author":[{"embeddable":true,"href":"https:\/\/avanechomes.com\/es\/wp-json\/wp\/v2\/users\/1"}],"replies":[{"embeddable":true,"href":"https:\/\/avanechomes.com\/es\/wp-json\/wp\/v2\/comments?post=14"}],"version-history":[{"count":8,"href":"https:\/\/avanechomes.com\/es\/wp-json\/wp\/v2\/pages\/14\/revisions"}],"predecessor-version":[{"id":3364,"href":"https:\/\/avanechomes.com\/es\/wp-json\/wp\/v2\/pages\/14\/revisions\/3364"}],"wp:attachment":[{"href":"https:\/\/avanechomes.com\/es\/wp-json\/wp\/v2\/media?parent=14"}],"curies":[{"name":"wp","href":"https:\/\/api.w.org\/{rel}","templated":true}]}}