{"id":10,"date":"2025-09-17T11:44:21","date_gmt":"2025-09-17T11:44:21","guid":{"rendered":"https:\/\/dodgerblue-ant-840318.hostingersite.com\/agents\/"},"modified":"2025-10-13T10:41:58","modified_gmt":"2025-10-13T10:41:58","slug":"agents","status":"publish","type":"page","link":"https:\/\/avanechomes.com\/en\/agents\/","title":{"rendered":"Tiimi"},"content":{"rendered":"<div class=\"wp-block-uagb-container uagb-block-cf878b45 alignfull uagb-is-root-container\"><div class=\"uagb-container-inner-blocks-wrap\">\n<div class=\"wp-block-uagb-advanced-heading uagb-block-dcf46063\"><h2 class=\"uagb-heading-text\">Tiimi<\/h2><div class=\"uagb-separator\"><\/div><\/div>\n<\/div><\/div>\n\n\n\n<div class=\"wp-block-uagb-container uagb-block-7ea76bdb alignfull uagb-is-root-container\"><div class=\"uagb-container-inner-blocks-wrap\">\n<div class=\"wp-block-uagb-info-box uagb-block-70d61f1e uagb-infobox__content-wrap  uagb-infobox-icon-above-title uagb-infobox-image-valign-top\"><div class=\"uagb-ifb-content\"><div class=\"uagb-ifb-separator\"><\/div><div class=\"uagb-ifb-title-wrap\"><h4 class=\"uagb-ifb-title-prefix\">Huippuluokan henkil\u00f6kunta ja ASIANTUNTIJAT<\/h4><h6 class=\"uagb-ifb-title\">OSTA TAI MYY ASUNTO ESPANJASSA HUOLETTOMASTI \u2013 AVANEC HOMES ON TUKENASI JOKAISESSA VAIHEESSA, TYs\u00f6kntelemme MY\u00d6S Costa Blancalla torreviejassa ja l\u00e4hiympyr\u00f6iss\u00e4 .<\/h6><\/div><p class=\"uagb-ifb-desc\">Avanec Homesin tiimi on sitoutunut tekem\u00e4\u00e4n asunnon ostosta ja myynnist\u00e4 Espanjassa mahdollisimman sujuvaa ja turvallista. Meill\u00e4 on vahva paikallistuntemus Torreviejassa ja koko Costa Blancan alueella, ja palvelemme asiakkaitamme suomeksi, englanniksi, ven\u00e4j\u00e4ksi ja espanjaksi. Yhdist\u00e4mme kansainv\u00e4lisen osaamisen ja henkil\u00f6kohtaisen palvelun, jotta voimme auttaa sinua l\u00f6yt\u00e4m\u00e4\u00e4n juuri oikean kodin \u2013 olipa kyseess\u00e4 loma-asunto, sijoituskohde tai pysyv\u00e4 koti Espanjassa.<\/p><\/div><\/div>\n<\/div><\/div>\n\n\n\n<div class=\"wp-block-uagb-container uagb-layout-grid uagb-block-7b73e811 alignfull uagb-is-root-container\"><div class=\"uagb-container-inner-blocks-wrap\">\n<div class=\"wp-block-uagb-container uagb-block-9abebf14\">\n<div class=\"wp-block-uagb-buttons uagb-buttons__outer-wrap uagb-btn__default-btn uagb-btn-tablet__default-btn uagb-btn-mobile__default-btn uagb-block-37387b23\"><div class=\"uagb-buttons__wrap uagb-buttons-layout-wrap\">\n<div class=\"wp-block-uagb-buttons-child uagb-buttons__outer-wrap uagb-block-ae9c9b0a wp-block-button\"><div class=\"uagb-button__wrapper\"><a class=\"uagb-buttons-repeater wp-block-button__link\" aria-label=\"\" href=\"mailto:elina.avanechomes@outlook.com\" rel=\"follow noopener\" target=\"_self\" role=\"button\"><div class=\"uagb-button__link\">Contact<\/div><\/a><\/div><\/div>\n<\/div><\/div>\n\n\n\n<figure class=\"wp-block-image size-large\"><img loading=\"lazy\" decoding=\"async\" width=\"1024\" height=\"767\" src=\"https:\/\/avanechomes.com\/wp-content\/uploads\/2025\/09\/Nooa_Alanko_Elina-1-1024x767.jpg\" alt=\"Nooa Alanko Elina 1 1024x767\" class=\"wp-image-1972\" title=\"Tiimi\" srcset=\"https:\/\/avanechomes.com\/wp-content\/uploads\/2025\/09\/Nooa_Alanko_Elina-1-1024x767.jpg 1024w, https:\/\/avanechomes.com\/wp-content\/uploads\/2025\/09\/Nooa_Alanko_Elina-1-300x225.jpg 300w, https:\/\/avanechomes.com\/wp-content\/uploads\/2025\/09\/Nooa_Alanko_Elina-1-768x575.jpg 768w, https:\/\/avanechomes.com\/wp-content\/uploads\/2025\/09\/Nooa_Alanko_Elina-1-1536x1151.jpg 1536w, https:\/\/avanechomes.com\/wp-content\/uploads\/2025\/09\/Nooa_Alanko_Elina-1-2048x1535.jpg 2048w\" sizes=\"auto, (max-width: 1024px) 100vw, 1024px\" \/><figcaption class=\"wp-element-caption\">.<\/figcaption><\/figure>\n\n\n\n<div class=\"wp-block-uagb-info-box uagb-block-12932bca uagb-infobox__content-wrap  uagb-infobox-icon-above-title uagb-infobox-image-valign-top\"><div class=\"uagb-ifb-content\"><div class=\"uagb-ifb-icon-wrap\"><svg xmlns=\"https:\/\/www.w3.org\/2000\/svg\" viewbox=\"0 0 512 512\"><path d=\"M0 256C0 114.6 114.6 0 256 0C397.4 0 512 114.6 512 256C512 397.4 397.4 512 256 512C114.6 512 0 397.4 0 256zM371.8 211.8C382.7 200.9 382.7 183.1 371.8 172.2C360.9 161.3 343.1 161.3 332.2 172.2L224 280.4L179.8 236.2C168.9 225.3 151.1 225.3 140.2 236.2C129.3 247.1 129.3 264.9 140.2 275.8L204.2 339.8C215.1 350.7 232.9 350.7 243.8 339.8L371.8 211.8z\"><\/path><\/svg><\/div><div class=\"uagb-ifb-title-wrap\"><h3 class=\"uagb-ifb-title\">Elina, Avanec homes<\/h3><\/div><p class=\"uagb-ifb-desc\">CEO<\/p><\/div><\/div>\n\n\n\n<div class=\"wp-block-uagb-icon-list uagb-block-29bcc16f\"><div class=\"uagb-icon-list__wrap\">\n<div class=\"wp-block-uagb-icon-list-child uagb-block-b056b896\"><span class=\"uagb-icon-list__source-wrap\"><svg xmlns=\"https:\/\/www.w3.org\/2000\/svg\" viewbox=\"0 0 512 512\"><path d=\"M18.92 351.2l108.5-46.52c12.78-5.531 27.77-1.801 36.45 8.98l44.09 53.82c69.25-34 125.5-90.31 159.5-159.5l-53.81-44.04c-10.75-8.781-14.41-23.69-8.974-36.47l46.51-108.5c6.094-13.91 21.1-21.52 35.79-18.11l100.8 23.25c14.25 3.25 24.22 15.8 24.22 30.46c0 252.3-205.2 457.5-457.5 457.5c-14.67 0-27.18-9.968-30.45-24.22l-23.25-100.8C-2.571 372.4 5.018 357.2 18.92 351.2z\"><\/path><\/svg><\/span><span class=\"uagb-icon-list__label\">+34 624 236 218<\/span><\/div>\n\n\n\n<div class=\"wp-block-uagb-icon-list-child uagb-block-c92df204\"><span class=\"uagb-icon-list__source-wrap\"><svg xmlns=\"https:\/\/www.w3.org\/2000\/svg\" viewbox=\"0 0 512 512\"><path d=\"M464 64C490.5 64 512 85.49 512 112C512 127.1 504.9 141.3 492.8 150.4L275.2 313.6C263.8 322.1 248.2 322.1 236.8 313.6L19.2 150.4C7.113 141.3 0 127.1 0 112C0 85.49 21.49 64 48 64H464zM217.6 339.2C240.4 356.3 271.6 356.3 294.4 339.2L512 176V384C512 419.3 483.3 448 448 448H64C28.65 448 0 419.3 0 384V176L217.6 339.2z\"><\/path><\/svg><\/span><span class=\"uagb-icon-list__label\">elina.avanechomes@outlook.com<\/span><\/div>\n<\/div><\/div>\n\n\n\n<div class=\"wp-block-uagb-info-box uagb-block-a56972a0 uagb-infobox__content-wrap  uagb-infobox-icon-above-title uagb-infobox-image-valign-top\"><div class=\"uagb-ifb-content\"><div class=\"uagb-ifb-icon-wrap\"><svg xmlns=\"https:\/\/www.w3.org\/2000\/svg\" viewbox=\"0 0 512 512\"><path d=\"M0 256C0 114.6 114.6 0 256 0C397.4 0 512 114.6 512 256C512 397.4 397.4 512 256 512C114.6 512 0 397.4 0 256zM371.8 211.8C382.7 200.9 382.7 183.1 371.8 172.2C360.9 161.3 343.1 161.3 332.2 172.2L224 280.4L179.8 236.2C168.9 225.3 151.1 225.3 140.2 236.2C129.3 247.1 129.3 264.9 140.2 275.8L204.2 339.8C215.1 350.7 232.9 350.7 243.8 339.8L371.8 211.8z\"><\/path><\/svg><\/div><div class=\"uagb-ifb-title-wrap\"><h3 class=\"uagb-ifb-title\">Elinasta<\/h3><\/div><p class=\"uagb-ifb-desc\">Elina on tunnettu siit\u00e4, ett\u00e4 h\u00e4n paneutuu huolellisesti jokaiseen toimeksiantoon ja hoitaa asiat loppuun asti tinkim\u00e4tt\u00f6m\u00e4ll\u00e4 tarkkuudella. Asiakkaat arvostavat h\u00e4nen yst\u00e4v\u00e4llist\u00e4 otettaan, rehellisyytt\u00e4\u00e4n ja sit\u00e4, ett\u00e4 h\u00e4n pit\u00e4\u00e4 lupauksensa.<br><br>Ty\u00f6ss\u00e4\u00e4n Elina yhdist\u00e4\u00e4 inhimillisyyden ja ammattitaidon. H\u00e4n osaa n\u00e4hd\u00e4 sek\u00e4 ison kuvan ett\u00e4 pienet yksityiskohdat, mik\u00e4 tekee h\u00e4nest\u00e4 luotettavan kumppanin niin ensiasunnon ostajalle kuin kokeneemmallekin sijoittajalle. Elina saa energiaa siit\u00e4, ett\u00e4 voi auttaa ihmisi\u00e4 t\u00e4rkeiss\u00e4 el\u00e4m\u00e4nvaiheissa ja tehd\u00e4 niist\u00e4 mahdollisimman sujuvia ja turvallisia.<\/p><\/div><\/div>\n<\/div>\n\n\n\n<div class=\"wp-block-uagb-container uagb-block-4df01c63\">\n<figure class=\"wp-block-image size-full\"><img loading=\"lazy\" decoding=\"async\" width=\"436\" height=\"412\" src=\"https:\/\/avanechomes.com\/wp-content\/uploads\/2025\/09\/teppo-kuva-2.png\" alt=\"Teppo Manager\" class=\"wp-image-1971\" title=\"Tiimi\" srcset=\"https:\/\/avanechomes.com\/wp-content\/uploads\/2025\/09\/teppo-kuva-2.png 436w, https:\/\/avanechomes.com\/wp-content\/uploads\/2025\/09\/teppo-kuva-2-300x283.png 300w\" sizes=\"auto, (max-width: 436px) 100vw, 436px\" \/><\/figure>\n\n\n\n<div class=\"wp-block-uagb-info-box uagb-block-6a5d1970 uagb-infobox__content-wrap  uagb-infobox-icon-above-title uagb-infobox-image-valign-top\"><div class=\"uagb-ifb-content\"><div class=\"uagb-ifb-icon-wrap\"><svg xmlns=\"https:\/\/www.w3.org\/2000\/svg\" viewbox=\"0 0 512 512\"><path d=\"M0 256C0 114.6 114.6 0 256 0C397.4 0 512 114.6 512 256C512 397.4 397.4 512 256 512C114.6 512 0 397.4 0 256zM371.8 211.8C382.7 200.9 382.7 183.1 371.8 172.2C360.9 161.3 343.1 161.3 332.2 172.2L224 280.4L179.8 236.2C168.9 225.3 151.1 225.3 140.2 236.2C129.3 247.1 129.3 264.9 140.2 275.8L204.2 339.8C215.1 350.7 232.9 350.7 243.8 339.8L371.8 211.8z\"><\/path><\/svg><\/div><div class=\"uagb-ifb-title-wrap\"><h3 class=\"uagb-ifb-title\">Teppo, Avanec Homes<\/h3><\/div><p class=\"uagb-ifb-desc\">Myyntikoordinaattori<\/p><\/div><\/div>\n\n\n\n<div class=\"wp-block-uagb-icon-list uagb-block-f8ef8ec8\"><div class=\"uagb-icon-list__wrap\">\n<div class=\"wp-block-uagb-icon-list-child uagb-block-6787f15c\"><span class=\"uagb-icon-list__source-wrap\"><svg xmlns=\"https:\/\/www.w3.org\/2000\/svg\" viewbox=\"0 0 512 512\"><path d=\"M18.92 351.2l108.5-46.52c12.78-5.531 27.77-1.801 36.45 8.98l44.09 53.82c69.25-34 125.5-90.31 159.5-159.5l-53.81-44.04c-10.75-8.781-14.41-23.69-8.974-36.47l46.51-108.5c6.094-13.91 21.1-21.52 35.79-18.11l100.8 23.25c14.25 3.25 24.22 15.8 24.22 30.46c0 252.3-205.2 457.5-457.5 457.5c-14.67 0-27.18-9.968-30.45-24.22l-23.25-100.8C-2.571 372.4 5.018 357.2 18.92 351.2z\"><\/path><\/svg><\/span><span class=\"uagb-icon-list__label\">+34 614 002 304<\/span><\/div>\n\n\n\n<div class=\"wp-block-uagb-icon-list-child uagb-block-3adb163b\"><span class=\"uagb-icon-list__source-wrap\"><svg xmlns=\"https:\/\/www.w3.org\/2000\/svg\" viewbox=\"0 0 512 512\"><path d=\"M464 64C490.5 64 512 85.49 512 112C512 127.1 504.9 141.3 492.8 150.4L275.2 313.6C263.8 322.1 248.2 322.1 236.8 313.6L19.2 150.4C7.113 141.3 0 127.1 0 112C0 85.49 21.49 64 48 64H464zM217.6 339.2C240.4 356.3 271.6 356.3 294.4 339.2L512 176V384C512 419.3 483.3 448 448 448H64C28.65 448 0 419.3 0 384V176L217.6 339.2z\"><\/path><\/svg><\/span><span class=\"uagb-icon-list__label\">teppo.avanechomes@outlook.com<\/span><\/div>\n<\/div><\/div>\n\n\n\n<div class=\"wp-block-uagb-info-box uagb-block-ff24e754 uagb-infobox__content-wrap  uagb-infobox-icon-above-title uagb-infobox-image-valign-top\"><div class=\"uagb-ifb-content\"><div class=\"uagb-ifb-icon-wrap\"><svg xmlns=\"https:\/\/www.w3.org\/2000\/svg\" viewbox=\"0 0 512 512\"><path d=\"M0 256C0 114.6 114.6 0 256 0C397.4 0 512 114.6 512 256C512 397.4 397.4 512 256 512C114.6 512 0 397.4 0 256zM371.8 211.8C382.7 200.9 382.7 183.1 371.8 172.2C360.9 161.3 343.1 161.3 332.2 172.2L224 280.4L179.8 236.2C168.9 225.3 151.1 225.3 140.2 236.2C129.3 247.1 129.3 264.9 140.2 275.8L204.2 339.8C215.1 350.7 232.9 350.7 243.8 339.8L371.8 211.8z\"><\/path><\/svg><\/div><div class=\"uagb-ifb-title-wrap\"><h3 class=\"uagb-ifb-title\">Teposta<\/h3><\/div><p class=\"uagb-ifb-desc\">Minulle on t\u00e4rke\u00e4\u00e4 rakentaa luottamusta ja pitk\u00e4aikaisia asiakassuhteita.<br>Asiakkaani kuvailevat minua luotettavaksi, helposti l\u00e4hestytt\u00e4v\u00e4ksi ja tavoitteelliseksi kiinteist\u00f6alan ammattilaiseksi.<br>Olen laillistettu kiinteist\u00f6nv\u00e4litt\u00e4j\u00e4 (LKV) Suomessa, ja olen ty\u00f6skennellyt kiinteist\u00f6alalla l\u00e4hes 20 vuoden ajan.<br>Jatkan uraani aktiivisesti Espanjassa hy\u00f6dynt\u00e4en pitk\u00e4\u00e4 kokemustani, paikallistuntemusta sek\u00e4 uusia markkinointitrendej\u00e4 asiakkaideni parhaaksi.<\/p><\/div><\/div>\n\n\n\n<div class=\"wp-block-uagb-buttons uagb-buttons__outer-wrap uagb-btn__default-btn uagb-btn-tablet__default-btn uagb-btn-mobile__default-btn uagb-block-3352fea2\"><div class=\"uagb-buttons__wrap uagb-buttons-layout-wrap\">\n<div class=\"wp-block-uagb-buttons-child uagb-buttons__outer-wrap uagb-block-eb39c48a wp-block-button\"><div class=\"uagb-button__wrapper\"><a class=\"uagb-buttons-repeater wp-block-button__link\" aria-label=\"\" href=\"mailto:teppo.avanechomes@outlook.com\" rel=\"follow noopener\" target=\"_self\" role=\"button\"><div class=\"uagb-button__link\">Click Here<\/div><\/a><\/div><\/div>\n<\/div><\/div>\n<\/div>\n\n\n\n<div class=\"wp-block-uagb-container uagb-layout-grid uagb-block-eac6108d alignfull uagb-is-root-container\"><div class=\"uagb-container-inner-blocks-wrap\"><\/div><\/div>\n<\/div><\/div>","protected":false},"excerpt":{"rendered":"<p>Tiimi<\/p>","protected":false},"author":1,"featured_media":0,"parent":0,"menu_order":0,"comment_status":"closed","ping_status":"closed","template":"","meta":{"_uag_custom_page_level_css":"","site-sidebar-layout":"default","site-content-layout":"","ast-site-content-layout":"default","site-content-style":"default","site-sidebar-style":"default","ast-global-header-display":"","ast-banner-title-visibility":"","ast-main-header-display":"","ast-hfb-above-header-display":"","ast-hfb-below-header-display":"","ast-hfb-mobile-header-display":"","site-post-title":"disabled","ast-breadcrumbs-content":"","ast-featured-img":"","footer-sml-layout":"","theme-transparent-header-meta":"enabled","adv-header-id-meta":"","stick-header-meta":"","header-above-stick-meta":"","header-main-stick-meta":"","header-below-stick-meta":"","astra-migrate-meta-layouts":"set","ast-page-background-enabled":"default","ast-page-background-meta":{"desktop":{"background-color":"var(--ast-global-color-4)","background-image":"","background-repeat":"repeat","background-position":"center center","background-size":"auto","background-attachment":"scroll","background-type":"","background-media":"","overlay-type":"","overlay-color":"","overlay-opacity":"","overlay-gradient":""},"tablet":{"background-color":"","background-image":"","background-repeat":"repeat","background-position":"center center","background-size":"auto","background-attachment":"scroll","background-type":"","background-media":"","overlay-type":"","overlay-color":"","overlay-opacity":"","overlay-gradient":""},"mobile":{"background-color":"","background-image":"","background-repeat":"repeat","background-position":"center center","background-size":"auto","background-attachment":"scroll","background-type":"","background-media":"","overlay-type":"","overlay-color":"","overlay-opacity":"","overlay-gradient":""}},"ast-content-background-meta":{"desktop":{"background-color":"var(--ast-global-color-5)","background-image":"","background-repeat":"repeat","background-position":"center center","background-size":"auto","background-attachment":"scroll","background-type":"","background-media":"","overlay-type":"","overlay-color":"","overlay-opacity":"","overlay-gradient":""},"tablet":{"background-color":"var(--ast-global-color-5)","background-image":"","background-repeat":"repeat","background-position":"center center","background-size":"auto","background-attachment":"scroll","background-type":"","background-media":"","overlay-type":"","overlay-color":"","overlay-opacity":"","overlay-gradient":""},"mobile":{"background-color":"var(--ast-global-color-5)","background-image":"","background-repeat":"repeat","background-position":"center center","background-size":"auto","background-attachment":"scroll","background-type":"","background-media":"","overlay-type":"","overlay-color":"","overlay-opacity":"","overlay-gradient":""}},"footnotes":""},"class_list":["post-10","page","type-page","status-publish","hentry"],"aioseo_notices":[],"_hostinger_reach_plugin_has_subscription_block":false,"_hostinger_reach_plugin_is_elementor":false,"uagb_featured_image_src":{"full":false,"thumbnail":false,"medium":false,"medium_large":false,"large":false,"1536x1536":false,"2048x2048":false,"trp-custom-language-flag":false},"uagb_author_info":{"display_name":"teppo.alanko@hotmail.com","author_link":"https:\/\/avanechomes.com\/en\/property\/author\/teppo-alankohotmail-com\/"},"uagb_comment_info":0,"uagb_excerpt":"Tiimi","_links":{"self":[{"href":"https:\/\/avanechomes.com\/en\/wp-json\/wp\/v2\/pages\/10","targetHints":{"allow":["GET"]}}],"collection":[{"href":"https:\/\/avanechomes.com\/en\/wp-json\/wp\/v2\/pages"}],"about":[{"href":"https:\/\/avanechomes.com\/en\/wp-json\/wp\/v2\/types\/page"}],"author":[{"embeddable":true,"href":"https:\/\/avanechomes.com\/en\/wp-json\/wp\/v2\/users\/1"}],"replies":[{"embeddable":true,"href":"https:\/\/avanechomes.com\/en\/wp-json\/wp\/v2\/comments?post=10"}],"version-history":[{"count":10,"href":"https:\/\/avanechomes.com\/en\/wp-json\/wp\/v2\/pages\/10\/revisions"}],"predecessor-version":[{"id":2965,"href":"https:\/\/avanechomes.com\/en\/wp-json\/wp\/v2\/pages\/10\/revisions\/2965"}],"wp:attachment":[{"href":"https:\/\/avanechomes.com\/en\/wp-json\/wp\/v2\/media?parent=10"}],"curies":[{"name":"wp","href":"https:\/\/api.w.org\/{rel}","templated":true}]}}